{"id":21,"date":"2025-10-25T22:18:17","date_gmt":"2025-10-25T20:18:17","guid":{"rendered":"https:\/\/trailroyansvercors.fr\/?page_id=21"},"modified":"2026-04-16T22:15:21","modified_gmt":"2026-04-16T20:15:21","slug":"benevoles","status":"publish","type":"page","link":"https:\/\/trailroyansvercors.fr\/index.php\/benevoles\/","title":{"rendered":"B\u00c9N\u00c9VOLES"},"content":{"rendered":"\t\t<div data-elementor-type=\"wp-page\" data-elementor-id=\"21\" class=\"elementor elementor-21\">\n\t\t\t\t<div class=\"elementor-element elementor-element-485f8f4 e-flex e-con-boxed e-con e-parent\" data-id=\"485f8f4\" data-element_type=\"container\" data-e-type=\"container\">\n\t\t\t\t\t<div class=\"e-con-inner\">\n\t\t\t\t<div class=\"elementor-element elementor-element-d4aba35 elementor-widget__width-initial elementor-widget elementor-widget-heading\" data-id=\"d4aba35\" data-element_type=\"widget\" data-e-type=\"widget\" data-widget_type=\"heading.default\">\n\t\t\t\t\t<h2 class=\"elementor-heading-title elementor-size-default\">DEVENIR B\u00c9N\u00c9VOLES<\/h2>\t\t\t\t<\/div>\n\t\t\t\t\t<\/div>\n\t\t\t\t<\/div>\n\t\t<div class=\"elementor-element elementor-element-f4f08f9 e-flex e-con-boxed e-con e-parent\" data-id=\"f4f08f9\" data-element_type=\"container\" data-e-type=\"container\">\n\t\t\t\t\t<div class=\"e-con-inner\">\n\t\t\t\t<div class=\"elementor-element elementor-element-2153d53 elementor-widget elementor-widget-text-editor\" data-id=\"2153d53\" data-element_type=\"widget\" data-e-type=\"widget\" data-widget_type=\"text-editor.default\">\n\t\t\t\t\t\t\t\t\t<p>La team de b\u00e9n\u00e9voles est d\u00e9sormais au complet ! L\u2019organisation tient \u00e0 adresser un immense merci \u00e0 toutes celles et ceux qui se sont port\u00e9s volontaires : votre enthousiasme, votre r\u00e9activit\u00e9 et votre envie de vous engager font chaud au c\u0153ur et promettent une tr\u00e8s belle \u00e9nergie pour la suite de l\u2019\u00e9v\u00e9nement.<\/p><p>Le jour du Trail, les b\u00e9n\u00e9voles seront rep\u00e9rables gr\u00e2ce \u00e0 leur casquette et leur gilet sans manche blanc.<\/p>\t\t\t\t\t\t\t\t<\/div>\n\t\t\t\t\t<\/div>\n\t\t\t\t<\/div>\n\t\t\t\t<\/div>\n\t\t","protected":false},"excerpt":{"rendered":"<p>DEVENIR B\u00c9N\u00c9VOLES La team de b\u00e9n\u00e9voles est d\u00e9sormais au complet ! L\u2019organisation tient \u00e0 adresser un immense merci \u00e0 toutes [&hellip;]<\/p>\n","protected":false},"author":1,"featured_media":0,"parent":0,"menu_order":0,"comment_status":"closed","ping_status":"closed","template":"","meta":{"site-sidebar-layout":"no-sidebar","site-content-layout":"","ast-site-content-layout":"full-width-container","site-content-style":"default","site-sidebar-style":"default","ast-global-header-display":"","ast-banner-title-visibility":"","ast-main-header-display":"","ast-hfb-above-header-display":"","ast-hfb-below-header-display":"","ast-hfb-mobile-header-display":"","site-post-title":"","ast-breadcrumbs-content":"","ast-featured-img":"disabled","footer-sml-layout":"","ast-disable-related-posts":"","theme-transparent-header-meta":"","adv-header-id-meta":"","stick-header-meta":"","header-above-stick-meta":"","header-main-stick-meta":"","header-below-stick-meta":"","astra-migrate-meta-layouts":"default","ast-page-background-enabled":"default","ast-page-background-meta":{"desktop":{"background-color":"var(--ast-global-color-5)","background-image":"","background-repeat":"repeat","background-position":"center center","background-size":"auto","background-attachment":"scroll","background-type":"","background-media":"","overlay-type":"","overlay-color":"","overlay-opacity":"","overlay-gradient":""},"tablet":{"background-color":"","background-image":"","background-repeat":"repeat","background-position":"center center","background-size":"auto","background-attachment":"scroll","background-type":"","background-media":"","overlay-type":"","overlay-color":"","overlay-opacity":"","overlay-gradient":""},"mobile":{"background-color":"","background-image":"","background-repeat":"repeat","background-position":"center center","background-size":"auto","background-attachment":"scroll","background-type":"","background-media":"","overlay-type":"","overlay-color":"","overlay-opacity":"","overlay-gradient":""}},"ast-content-background-meta":{"desktop":{"background-color":"var(--ast-global-color-4)","background-image":"","background-repeat":"repeat","background-position":"center center","background-size":"auto","background-attachment":"scroll","background-type":"","background-media":"","overlay-type":"","overlay-color":"","overlay-opacity":"","overlay-gradient":""},"tablet":{"background-color":"var(--ast-global-color-4)","background-image":"","background-repeat":"repeat","background-position":"center center","background-size":"auto","background-attachment":"scroll","background-type":"","background-media":"","overlay-type":"","overlay-color":"","overlay-opacity":"","overlay-gradient":""},"mobile":{"background-color":"var(--ast-global-color-4)","background-image":"","background-repeat":"repeat","background-position":"center center","background-size":"auto","background-attachment":"scroll","background-type":"","background-media":"","overlay-type":"","overlay-color":"","overlay-opacity":"","overlay-gradient":""}},"footnotes":""},"class_list":["post-21","page","type-page","status-publish","hentry"],"yoast_head":"<!-- This site is optimized with the Yoast SEO plugin v27.4 - https:\/\/yoast.com\/product\/yoast-seo-wordpress\/ -->\n<title>B\u00c9N\u00c9VOLES -<\/title>\n<meta name=\"robots\" content=\"index, follow, max-snippet:-1, max-image-preview:large, max-video-preview:-1\" \/>\n<link rel=\"canonical\" href=\"https:\/\/trailroyansvercors.fr\/index.php\/benevoles\/\" \/>\n<meta property=\"og:locale\" content=\"fr_FR\" \/>\n<meta property=\"og:type\" content=\"article\" \/>\n<meta property=\"og:title\" content=\"B\u00c9N\u00c9VOLES -\" \/>\n<meta property=\"og:description\" content=\"DEVENIR B\u00c9N\u00c9VOLES La team de b\u00e9n\u00e9voles est d\u00e9sormais au complet ! L\u2019organisation tient \u00e0 adresser un immense merci \u00e0 toutes [&hellip;]\" \/>\n<meta property=\"og:url\" content=\"https:\/\/trailroyansvercors.fr\/index.php\/benevoles\/\" \/>\n<meta property=\"article:publisher\" content=\"https:\/\/www.facebook.com\/profile.php?id=61582097587345\" \/>\n<meta property=\"article:modified_time\" content=\"2026-04-16T20:15:21+00:00\" \/>\n<meta name=\"twitter:card\" content=\"summary_large_image\" \/>\n<meta name=\"twitter:label1\" content=\"Dur\u00e9e de lecture estim\u00e9e\" \/>\n\t<meta name=\"twitter:data1\" content=\"1 minute\" \/>\n<script type=\"application\/ld+json\" class=\"yoast-schema-graph\">{\"@context\":\"https:\\\/\\\/schema.org\",\"@graph\":[{\"@type\":\"WebPage\",\"@id\":\"https:\\\/\\\/trailroyansvercors.fr\\\/index.php\\\/benevoles\\\/\",\"url\":\"https:\\\/\\\/trailroyansvercors.fr\\\/index.php\\\/benevoles\\\/\",\"name\":\"B\u00c9N\u00c9VOLES -\",\"isPartOf\":{\"@id\":\"https:\\\/\\\/trailroyansvercors.fr\\\/#website\"},\"datePublished\":\"2025-10-25T20:18:17+00:00\",\"dateModified\":\"2026-04-16T20:15:21+00:00\",\"breadcrumb\":{\"@id\":\"https:\\\/\\\/trailroyansvercors.fr\\\/index.php\\\/benevoles\\\/#breadcrumb\"},\"inLanguage\":\"fr-FR\",\"potentialAction\":[{\"@type\":\"ReadAction\",\"target\":[\"https:\\\/\\\/trailroyansvercors.fr\\\/index.php\\\/benevoles\\\/\"]}]},{\"@type\":\"BreadcrumbList\",\"@id\":\"https:\\\/\\\/trailroyansvercors.fr\\\/index.php\\\/benevoles\\\/#breadcrumb\",\"itemListElement\":[{\"@type\":\"ListItem\",\"position\":1,\"name\":\"Accueil\",\"item\":\"https:\\\/\\\/trailroyansvercors.fr\\\/\"},{\"@type\":\"ListItem\",\"position\":2,\"name\":\"B\u00c9N\u00c9VOLES\"}]},{\"@type\":\"WebSite\",\"@id\":\"https:\\\/\\\/trailroyansvercors.fr\\\/#website\",\"url\":\"https:\\\/\\\/trailroyansvercors.fr\\\/\",\"name\":\"Trail du Royans Vercors\",\"description\":\"\",\"publisher\":{\"@id\":\"https:\\\/\\\/trailroyansvercors.fr\\\/#organization\"},\"potentialAction\":[{\"@type\":\"SearchAction\",\"target\":{\"@type\":\"EntryPoint\",\"urlTemplate\":\"https:\\\/\\\/trailroyansvercors.fr\\\/?s={search_term_string}\"},\"query-input\":{\"@type\":\"PropertyValueSpecification\",\"valueRequired\":true,\"valueName\":\"search_term_string\"}}],\"inLanguage\":\"fr-FR\"},{\"@type\":\"Organization\",\"@id\":\"https:\\\/\\\/trailroyansvercors.fr\\\/#organization\",\"name\":\"Royans Vercors Sport Organisation\",\"url\":\"https:\\\/\\\/trailroyansvercors.fr\\\/\",\"logo\":{\"@type\":\"ImageObject\",\"inLanguage\":\"fr-FR\",\"@id\":\"https:\\\/\\\/trailroyansvercors.fr\\\/#\\\/schema\\\/logo\\\/image\\\/\",\"url\":\"https:\\\/\\\/trailroyansvercors.fr\\\/wp-content\\\/uploads\\\/2025\\\/12\\\/cropped-RVT_logo_sans_couleur_et_sans_fond-removebg-preview.png\",\"contentUrl\":\"https:\\\/\\\/trailroyansvercors.fr\\\/wp-content\\\/uploads\\\/2025\\\/12\\\/cropped-RVT_logo_sans_couleur_et_sans_fond-removebg-preview.png\",\"width\":500,\"height\":406,\"caption\":\"Royans Vercors Sport Organisation\"},\"image\":{\"@id\":\"https:\\\/\\\/trailroyansvercors.fr\\\/#\\\/schema\\\/logo\\\/image\\\/\"},\"sameAs\":[\"https:\\\/\\\/www.facebook.com\\\/profile.php?id=61582097587345\",\"https:\\\/\\\/www.instagram.com\\\/trailroyansvercors\\\/\"]}]}<\/script>\n<!-- \/ Yoast SEO plugin. -->","yoast_head_json":{"title":"B\u00c9N\u00c9VOLES -","robots":{"index":"index","follow":"follow","max-snippet":"max-snippet:-1","max-image-preview":"max-image-preview:large","max-video-preview":"max-video-preview:-1"},"canonical":"https:\/\/trailroyansvercors.fr\/index.php\/benevoles\/","og_locale":"fr_FR","og_type":"article","og_title":"B\u00c9N\u00c9VOLES -","og_description":"DEVENIR B\u00c9N\u00c9VOLES La team de b\u00e9n\u00e9voles est d\u00e9sormais au complet ! L\u2019organisation tient \u00e0 adresser un immense merci \u00e0 toutes [&hellip;]","og_url":"https:\/\/trailroyansvercors.fr\/index.php\/benevoles\/","article_publisher":"https:\/\/www.facebook.com\/profile.php?id=61582097587345","article_modified_time":"2026-04-16T20:15:21+00:00","twitter_card":"summary_large_image","twitter_misc":{"Dur\u00e9e de lecture estim\u00e9e":"1 minute"},"schema":{"@context":"https:\/\/schema.org","@graph":[{"@type":"WebPage","@id":"https:\/\/trailroyansvercors.fr\/index.php\/benevoles\/","url":"https:\/\/trailroyansvercors.fr\/index.php\/benevoles\/","name":"B\u00c9N\u00c9VOLES -","isPartOf":{"@id":"https:\/\/trailroyansvercors.fr\/#website"},"datePublished":"2025-10-25T20:18:17+00:00","dateModified":"2026-04-16T20:15:21+00:00","breadcrumb":{"@id":"https:\/\/trailroyansvercors.fr\/index.php\/benevoles\/#breadcrumb"},"inLanguage":"fr-FR","potentialAction":[{"@type":"ReadAction","target":["https:\/\/trailroyansvercors.fr\/index.php\/benevoles\/"]}]},{"@type":"BreadcrumbList","@id":"https:\/\/trailroyansvercors.fr\/index.php\/benevoles\/#breadcrumb","itemListElement":[{"@type":"ListItem","position":1,"name":"Accueil","item":"https:\/\/trailroyansvercors.fr\/"},{"@type":"ListItem","position":2,"name":"B\u00c9N\u00c9VOLES"}]},{"@type":"WebSite","@id":"https:\/\/trailroyansvercors.fr\/#website","url":"https:\/\/trailroyansvercors.fr\/","name":"Trail du Royans Vercors","description":"","publisher":{"@id":"https:\/\/trailroyansvercors.fr\/#organization"},"potentialAction":[{"@type":"SearchAction","target":{"@type":"EntryPoint","urlTemplate":"https:\/\/trailroyansvercors.fr\/?s={search_term_string}"},"query-input":{"@type":"PropertyValueSpecification","valueRequired":true,"valueName":"search_term_string"}}],"inLanguage":"fr-FR"},{"@type":"Organization","@id":"https:\/\/trailroyansvercors.fr\/#organization","name":"Royans Vercors Sport Organisation","url":"https:\/\/trailroyansvercors.fr\/","logo":{"@type":"ImageObject","inLanguage":"fr-FR","@id":"https:\/\/trailroyansvercors.fr\/#\/schema\/logo\/image\/","url":"https:\/\/trailroyansvercors.fr\/wp-content\/uploads\/2025\/12\/cropped-RVT_logo_sans_couleur_et_sans_fond-removebg-preview.png","contentUrl":"https:\/\/trailroyansvercors.fr\/wp-content\/uploads\/2025\/12\/cropped-RVT_logo_sans_couleur_et_sans_fond-removebg-preview.png","width":500,"height":406,"caption":"Royans Vercors Sport Organisation"},"image":{"@id":"https:\/\/trailroyansvercors.fr\/#\/schema\/logo\/image\/"},"sameAs":["https:\/\/www.facebook.com\/profile.php?id=61582097587345","https:\/\/www.instagram.com\/trailroyansvercors\/"]}]}},"_links":{"self":[{"href":"https:\/\/trailroyansvercors.fr\/index.php\/wp-json\/wp\/v2\/pages\/21","targetHints":{"allow":["GET"]}}],"collection":[{"href":"https:\/\/trailroyansvercors.fr\/index.php\/wp-json\/wp\/v2\/pages"}],"about":[{"href":"https:\/\/trailroyansvercors.fr\/index.php\/wp-json\/wp\/v2\/types\/page"}],"author":[{"embeddable":true,"href":"https:\/\/trailroyansvercors.fr\/index.php\/wp-json\/wp\/v2\/users\/1"}],"replies":[{"embeddable":true,"href":"https:\/\/trailroyansvercors.fr\/index.php\/wp-json\/wp\/v2\/comments?post=21"}],"version-history":[{"count":115,"href":"https:\/\/trailroyansvercors.fr\/index.php\/wp-json\/wp\/v2\/pages\/21\/revisions"}],"predecessor-version":[{"id":4302,"href":"https:\/\/trailroyansvercors.fr\/index.php\/wp-json\/wp\/v2\/pages\/21\/revisions\/4302"}],"wp:attachment":[{"href":"https:\/\/trailroyansvercors.fr\/index.php\/wp-json\/wp\/v2\/media?parent=21"}],"curies":[{"name":"wp","href":"https:\/\/api.w.org\/{rel}","templated":true}]}}