{"id":14,"date":"2025-10-25T22:17:20","date_gmt":"2025-10-25T20:17:20","guid":{"rendered":"https:\/\/trailroyansvercors.fr\/?page_id=14"},"modified":"2026-04-16T07:44:12","modified_gmt":"2026-04-16T05:44:12","slug":"les-parcours","status":"publish","type":"page","link":"https:\/\/trailroyansvercors.fr\/index.php\/les-parcours\/","title":{"rendered":"LES PARCOURS"},"content":{"rendered":"\t\t<div data-elementor-type=\"wp-page\" data-elementor-id=\"14\" class=\"elementor elementor-14\">\n\t\t\t\t<div class=\"elementor-element elementor-element-0320c24 e-flex e-con-boxed e-con e-parent\" data-id=\"0320c24\" data-element_type=\"container\" data-e-type=\"container\">\n\t\t\t\t\t<div class=\"e-con-inner\">\n\t\t\t\t<div class=\"elementor-element elementor-element-7a30039 elementor-widget__width-initial elementor-widget elementor-widget-heading\" data-id=\"7a30039\" data-element_type=\"widget\" data-e-type=\"widget\" data-widget_type=\"heading.default\">\n\t\t\t\t\t<h2 class=\"elementor-heading-title elementor-size-default\">LES PARCOURS<\/h2>\t\t\t\t<\/div>\n\t\t\t\t\t<\/div>\n\t\t\t\t<\/div>\n\t\t<div class=\"elementor-element elementor-element-21bee11 e-flex e-con-boxed e-con e-parent\" data-id=\"21bee11\" data-element_type=\"container\" data-e-type=\"container\">\n\t\t\t\t\t<div class=\"e-con-inner\">\n\t\t\t\t<div class=\"elementor-element elementor-element-5299372 elementor-widget__width-inherit elementor-widget elementor-widget-text-editor\" data-id=\"5299372\" data-element_type=\"widget\" data-e-type=\"widget\" data-widget_type=\"text-editor.default\">\n\t\t\t\t\t\t\t\t\t<p>Trois parcours pour d\u00e9couvrir toutes les facettes du Royans-Vercors.<br \/>Chaque course a \u00e9t\u00e9 pens\u00e9e pour offrir du plaisir, du terrain vari\u00e9, du vrai trail, tout en respectant les espaces travers\u00e9s.<\/p>\t\t\t\t\t\t\t\t<\/div>\n\t\t\t\t\t<\/div>\n\t\t\t\t<\/div>\n\t\t<div class=\"elementor-element elementor-element-d642c98 e-flex e-con-boxed e-con e-parent\" data-id=\"d642c98\" data-element_type=\"container\" data-e-type=\"container\" data-settings=\"{&quot;animation&quot;:&quot;none&quot;}\">\n\t\t\t\t\t<div class=\"e-con-inner\">\n\t\t<a class=\"elementor-element elementor-element-e2d6fa3 e-transform e-flex e-con-boxed elementor-invisible e-con e-child\" data-id=\"e2d6fa3\" data-element_type=\"container\" data-e-type=\"container\" data-settings=\"{&quot;animation&quot;:&quot;slideInLeft&quot;,&quot;_transform_scale_effect_hover&quot;:{&quot;unit&quot;:&quot;px&quot;,&quot;size&quot;:1.1,&quot;sizes&quot;:[]},&quot;_transform_scale_effect_hover_tablet&quot;:{&quot;unit&quot;:&quot;px&quot;,&quot;size&quot;:&quot;&quot;,&quot;sizes&quot;:[]},&quot;_transform_scale_effect_hover_mobile&quot;:{&quot;unit&quot;:&quot;px&quot;,&quot;size&quot;:&quot;&quot;,&quot;sizes&quot;:[]}}\" href=\"https:\/\/trailroyansvercors.fr\/index.php\/sortie-10-du-tram\/\">\n\t\t\t\t\t<div class=\"e-con-inner\">\n\t\t\t\t<div class=\"elementor-element elementor-element-3f659d1 elementor-widget elementor-widget-image\" data-id=\"3f659d1\" data-element_type=\"widget\" data-e-type=\"widget\" data-widget_type=\"image.default\">\n\t\t\t\t\t\t\t\t\t\t\t\t\t\t\t<img fetchpriority=\"high\" decoding=\"async\" width=\"1024\" height=\"1024\" src=\"https:\/\/trailroyansvercors.fr\/wp-content\/uploads\/2026\/04\/SORTIE-10-DU-TRAM-10-km-COMPLET.png\" class=\"attachment-large size-large wp-image-4060\" alt=\"\" srcset=\"https:\/\/trailroyansvercors.fr\/wp-content\/uploads\/2026\/04\/SORTIE-10-DU-TRAM-10-km-COMPLET.png 1024w, https:\/\/trailroyansvercors.fr\/wp-content\/uploads\/2026\/04\/SORTIE-10-DU-TRAM-10-km-COMPLET-300x300.png 300w, https:\/\/trailroyansvercors.fr\/wp-content\/uploads\/2026\/04\/SORTIE-10-DU-TRAM-10-km-COMPLET-150x150.png 150w, https:\/\/trailroyansvercors.fr\/wp-content\/uploads\/2026\/04\/SORTIE-10-DU-TRAM-10-km-COMPLET-768x768.png 768w\" sizes=\"(max-width: 1024px) 100vw, 1024px\" \/>\t\t\t\t\t\t\t\t\t\t\t\t\t\t\t<\/div>\n\t\t\t\t\t<\/div>\n\t\t\t\t<\/a>\n\t\t<a class=\"elementor-element elementor-element-fdf1154 e-transform e-flex e-con-boxed elementor-invisible e-con e-child\" data-id=\"fdf1154\" data-element_type=\"container\" data-e-type=\"container\" data-settings=\"{&quot;animation&quot;:&quot;slideInLeft&quot;,&quot;_transform_scale_effect_hover&quot;:{&quot;unit&quot;:&quot;px&quot;,&quot;size&quot;:1.1,&quot;sizes&quot;:[]},&quot;_transform_scale_effect_hover_tablet&quot;:{&quot;unit&quot;:&quot;px&quot;,&quot;size&quot;:&quot;&quot;,&quot;sizes&quot;:[]},&quot;_transform_scale_effect_hover_mobile&quot;:{&quot;unit&quot;:&quot;px&quot;,&quot;size&quot;:&quot;&quot;,&quot;sizes&quot;:[]}}\" href=\"https:\/\/trailroyansvercors.fr\/index.php\/trail-a-musan\/\">\n\t\t\t\t\t<div class=\"e-con-inner\">\n\t\t\t\t<div class=\"elementor-element elementor-element-36192eb elementor-widget elementor-widget-image\" data-id=\"36192eb\" data-element_type=\"widget\" data-e-type=\"widget\" data-widget_type=\"image.default\">\n\t\t\t\t\t\t\t\t\t\t\t\t\t\t\t<img decoding=\"async\" width=\"1024\" height=\"1024\" src=\"https:\/\/trailroyansvercors.fr\/wp-content\/uploads\/2026\/04\/Trail-a-Musan-30-km-COMPLET.png\" class=\"attachment-large size-large wp-image-4059\" alt=\"\" srcset=\"https:\/\/trailroyansvercors.fr\/wp-content\/uploads\/2026\/04\/Trail-a-Musan-30-km-COMPLET.png 1024w, https:\/\/trailroyansvercors.fr\/wp-content\/uploads\/2026\/04\/Trail-a-Musan-30-km-COMPLET-300x300.png 300w, https:\/\/trailroyansvercors.fr\/wp-content\/uploads\/2026\/04\/Trail-a-Musan-30-km-COMPLET-150x150.png 150w, https:\/\/trailroyansvercors.fr\/wp-content\/uploads\/2026\/04\/Trail-a-Musan-30-km-COMPLET-768x768.png 768w\" sizes=\"(max-width: 1024px) 100vw, 1024px\" \/>\t\t\t\t\t\t\t\t\t\t\t\t\t\t\t<\/div>\n\t\t\t\t\t<\/div>\n\t\t\t\t<\/a>\n\t\t<a class=\"elementor-element elementor-element-1bb9771 e-transform e-flex e-con-boxed elementor-invisible e-con e-child\" data-id=\"1bb9771\" data-element_type=\"container\" data-e-type=\"container\" data-settings=\"{&quot;animation&quot;:&quot;slideInLeft&quot;,&quot;_transform_scale_effect_hover&quot;:{&quot;unit&quot;:&quot;px&quot;,&quot;size&quot;:1.1,&quot;sizes&quot;:[]},&quot;_transform_scale_effect_hover_tablet&quot;:{&quot;unit&quot;:&quot;px&quot;,&quot;size&quot;:&quot;&quot;,&quot;sizes&quot;:[]},&quot;_transform_scale_effect_hover_mobile&quot;:{&quot;unit&quot;:&quot;px&quot;,&quot;size&quot;:&quot;&quot;,&quot;sizes&quot;:[]}}\" href=\"https:\/\/trailroyansvercors.fr\/index.php\/les-2-renversants\/\">\n\t\t\t\t\t<div class=\"e-con-inner\">\n\t\t\t\t<div class=\"elementor-element elementor-element-78e6805 elementor-widget elementor-widget-image\" data-id=\"78e6805\" data-element_type=\"widget\" data-e-type=\"widget\" data-widget_type=\"image.default\">\n\t\t\t\t\t\t\t\t\t\t\t\t\t\t\t<img decoding=\"async\" width=\"1024\" height=\"1024\" src=\"https:\/\/trailroyansvercors.fr\/wp-content\/uploads\/2026\/04\/LES-DEUX-RENVERSANTS-45-km-complet.png\" class=\"attachment-large size-large wp-image-4247\" alt=\"\" srcset=\"https:\/\/trailroyansvercors.fr\/wp-content\/uploads\/2026\/04\/LES-DEUX-RENVERSANTS-45-km-complet.png 1024w, https:\/\/trailroyansvercors.fr\/wp-content\/uploads\/2026\/04\/LES-DEUX-RENVERSANTS-45-km-complet-300x300.png 300w, https:\/\/trailroyansvercors.fr\/wp-content\/uploads\/2026\/04\/LES-DEUX-RENVERSANTS-45-km-complet-150x150.png 150w, https:\/\/trailroyansvercors.fr\/wp-content\/uploads\/2026\/04\/LES-DEUX-RENVERSANTS-45-km-complet-768x768.png 768w\" sizes=\"(max-width: 1024px) 100vw, 1024px\" \/>\t\t\t\t\t\t\t\t\t\t\t\t\t\t\t<\/div>\n\t\t\t\t\t<\/div>\n\t\t\t\t<\/a>\n\t\t\t\t\t<\/div>\n\t\t\t\t<\/div>\n\t\t\t\t<\/div>\n\t\t","protected":false},"excerpt":{"rendered":"<p>LES PARCOURS Trois parcours pour d\u00e9couvrir toutes les facettes du Royans-Vercors.Chaque course a \u00e9t\u00e9 pens\u00e9e pour offrir du plaisir, du [&hellip;]<\/p>\n","protected":false},"author":1,"featured_media":0,"parent":0,"menu_order":0,"comment_status":"closed","ping_status":"closed","template":"","meta":{"site-sidebar-layout":"no-sidebar","site-content-layout":"","ast-site-content-layout":"full-width-container","site-content-style":"default","site-sidebar-style":"default","ast-global-header-display":"","ast-banner-title-visibility":"","ast-main-header-display":"","ast-hfb-above-header-display":"","ast-hfb-below-header-display":"","ast-hfb-mobile-header-display":"","site-post-title":"","ast-breadcrumbs-content":"","ast-featured-img":"disabled","footer-sml-layout":"","ast-disable-related-posts":"","theme-transparent-header-meta":"","adv-header-id-meta":"","stick-header-meta":"","header-above-stick-meta":"","header-main-stick-meta":"","header-below-stick-meta":"","astra-migrate-meta-layouts":"default","ast-page-background-enabled":"default","ast-page-background-meta":{"desktop":{"background-color":"var(--ast-global-color-5)","background-image":"","background-repeat":"repeat","background-position":"center center","background-size":"auto","background-attachment":"scroll","background-type":"","background-media":"","overlay-type":"","overlay-color":"","overlay-opacity":"","overlay-gradient":""},"tablet":{"background-color":"","background-image":"","background-repeat":"repeat","background-position":"center center","background-size":"auto","background-attachment":"scroll","background-type":"","background-media":"","overlay-type":"","overlay-color":"","overlay-opacity":"","overlay-gradient":""},"mobile":{"background-color":"","background-image":"","background-repeat":"repeat","background-position":"center center","background-size":"auto","background-attachment":"scroll","background-type":"","background-media":"","overlay-type":"","overlay-color":"","overlay-opacity":"","overlay-gradient":""}},"ast-content-background-meta":{"desktop":{"background-color":"var(--ast-global-color-4)","background-image":"","background-repeat":"repeat","background-position":"center center","background-size":"auto","background-attachment":"scroll","background-type":"","background-media":"","overlay-type":"","overlay-color":"","overlay-opacity":"","overlay-gradient":""},"tablet":{"background-color":"var(--ast-global-color-4)","background-image":"","background-repeat":"repeat","background-position":"center center","background-size":"auto","background-attachment":"scroll","background-type":"","background-media":"","overlay-type":"","overlay-color":"","overlay-opacity":"","overlay-gradient":""},"mobile":{"background-color":"var(--ast-global-color-4)","background-image":"","background-repeat":"repeat","background-position":"center center","background-size":"auto","background-attachment":"scroll","background-type":"","background-media":"","overlay-type":"","overlay-color":"","overlay-opacity":"","overlay-gradient":""}},"footnotes":""},"class_list":["post-14","page","type-page","status-publish","hentry"],"yoast_head":"<!-- This site is optimized with the Yoast SEO plugin v27.4 - https:\/\/yoast.com\/product\/yoast-seo-wordpress\/ -->\n<title>LES PARCOURS -<\/title>\n<meta name=\"robots\" content=\"index, follow, max-snippet:-1, max-image-preview:large, max-video-preview:-1\" \/>\n<link rel=\"canonical\" href=\"https:\/\/trailroyansvercors.fr\/index.php\/les-parcours\/\" \/>\n<meta property=\"og:locale\" content=\"fr_FR\" \/>\n<meta property=\"og:type\" content=\"article\" \/>\n<meta property=\"og:title\" content=\"LES PARCOURS -\" \/>\n<meta property=\"og:description\" content=\"LES PARCOURS Trois parcours pour d\u00e9couvrir toutes les facettes du Royans-Vercors.Chaque course a \u00e9t\u00e9 pens\u00e9e pour offrir du plaisir, du [&hellip;]\" \/>\n<meta property=\"og:url\" content=\"https:\/\/trailroyansvercors.fr\/index.php\/les-parcours\/\" \/>\n<meta property=\"article:publisher\" content=\"https:\/\/www.facebook.com\/profile.php?id=61582097587345\" \/>\n<meta property=\"article:modified_time\" content=\"2026-04-16T05:44:12+00:00\" \/>\n<meta property=\"og:image\" content=\"http:\/\/trailroyansvercors.fr\/wp-content\/uploads\/2026\/04\/SORTIE-10-DU-TRAM-10-km-COMPLET.png\" \/>\n<meta name=\"twitter:card\" content=\"summary_large_image\" \/>\n<meta name=\"twitter:label1\" content=\"Dur\u00e9e de lecture estim\u00e9e\" \/>\n\t<meta name=\"twitter:data1\" content=\"1 minute\" \/>\n<script type=\"application\/ld+json\" class=\"yoast-schema-graph\">{\"@context\":\"https:\\\/\\\/schema.org\",\"@graph\":[{\"@type\":\"WebPage\",\"@id\":\"https:\\\/\\\/trailroyansvercors.fr\\\/index.php\\\/les-parcours\\\/\",\"url\":\"https:\\\/\\\/trailroyansvercors.fr\\\/index.php\\\/les-parcours\\\/\",\"name\":\"LES PARCOURS -\",\"isPartOf\":{\"@id\":\"https:\\\/\\\/trailroyansvercors.fr\\\/#website\"},\"primaryImageOfPage\":{\"@id\":\"https:\\\/\\\/trailroyansvercors.fr\\\/index.php\\\/les-parcours\\\/#primaryimage\"},\"image\":{\"@id\":\"https:\\\/\\\/trailroyansvercors.fr\\\/index.php\\\/les-parcours\\\/#primaryimage\"},\"thumbnailUrl\":\"http:\\\/\\\/trailroyansvercors.fr\\\/wp-content\\\/uploads\\\/2026\\\/04\\\/SORTIE-10-DU-TRAM-10-km-COMPLET.png\",\"datePublished\":\"2025-10-25T20:17:20+00:00\",\"dateModified\":\"2026-04-16T05:44:12+00:00\",\"breadcrumb\":{\"@id\":\"https:\\\/\\\/trailroyansvercors.fr\\\/index.php\\\/les-parcours\\\/#breadcrumb\"},\"inLanguage\":\"fr-FR\",\"potentialAction\":[{\"@type\":\"ReadAction\",\"target\":[\"https:\\\/\\\/trailroyansvercors.fr\\\/index.php\\\/les-parcours\\\/\"]}]},{\"@type\":\"ImageObject\",\"inLanguage\":\"fr-FR\",\"@id\":\"https:\\\/\\\/trailroyansvercors.fr\\\/index.php\\\/les-parcours\\\/#primaryimage\",\"url\":\"https:\\\/\\\/trailroyansvercors.fr\\\/wp-content\\\/uploads\\\/2026\\\/04\\\/SORTIE-10-DU-TRAM-10-km-COMPLET.png\",\"contentUrl\":\"https:\\\/\\\/trailroyansvercors.fr\\\/wp-content\\\/uploads\\\/2026\\\/04\\\/SORTIE-10-DU-TRAM-10-km-COMPLET.png\",\"width\":1024,\"height\":1024},{\"@type\":\"BreadcrumbList\",\"@id\":\"https:\\\/\\\/trailroyansvercors.fr\\\/index.php\\\/les-parcours\\\/#breadcrumb\",\"itemListElement\":[{\"@type\":\"ListItem\",\"position\":1,\"name\":\"Accueil\",\"item\":\"https:\\\/\\\/trailroyansvercors.fr\\\/\"},{\"@type\":\"ListItem\",\"position\":2,\"name\":\"LES PARCOURS\"}]},{\"@type\":\"WebSite\",\"@id\":\"https:\\\/\\\/trailroyansvercors.fr\\\/#website\",\"url\":\"https:\\\/\\\/trailroyansvercors.fr\\\/\",\"name\":\"Trail du Royans Vercors\",\"description\":\"\",\"publisher\":{\"@id\":\"https:\\\/\\\/trailroyansvercors.fr\\\/#organization\"},\"potentialAction\":[{\"@type\":\"SearchAction\",\"target\":{\"@type\":\"EntryPoint\",\"urlTemplate\":\"https:\\\/\\\/trailroyansvercors.fr\\\/?s={search_term_string}\"},\"query-input\":{\"@type\":\"PropertyValueSpecification\",\"valueRequired\":true,\"valueName\":\"search_term_string\"}}],\"inLanguage\":\"fr-FR\"},{\"@type\":\"Organization\",\"@id\":\"https:\\\/\\\/trailroyansvercors.fr\\\/#organization\",\"name\":\"Royans Vercors Sport Organisation\",\"url\":\"https:\\\/\\\/trailroyansvercors.fr\\\/\",\"logo\":{\"@type\":\"ImageObject\",\"inLanguage\":\"fr-FR\",\"@id\":\"https:\\\/\\\/trailroyansvercors.fr\\\/#\\\/schema\\\/logo\\\/image\\\/\",\"url\":\"https:\\\/\\\/trailroyansvercors.fr\\\/wp-content\\\/uploads\\\/2025\\\/12\\\/cropped-RVT_logo_sans_couleur_et_sans_fond-removebg-preview.png\",\"contentUrl\":\"https:\\\/\\\/trailroyansvercors.fr\\\/wp-content\\\/uploads\\\/2025\\\/12\\\/cropped-RVT_logo_sans_couleur_et_sans_fond-removebg-preview.png\",\"width\":500,\"height\":406,\"caption\":\"Royans Vercors Sport Organisation\"},\"image\":{\"@id\":\"https:\\\/\\\/trailroyansvercors.fr\\\/#\\\/schema\\\/logo\\\/image\\\/\"},\"sameAs\":[\"https:\\\/\\\/www.facebook.com\\\/profile.php?id=61582097587345\",\"https:\\\/\\\/www.instagram.com\\\/trailroyansvercors\\\/\"]}]}<\/script>\n<!-- \/ Yoast SEO plugin. -->","yoast_head_json":{"title":"LES PARCOURS -","robots":{"index":"index","follow":"follow","max-snippet":"max-snippet:-1","max-image-preview":"max-image-preview:large","max-video-preview":"max-video-preview:-1"},"canonical":"https:\/\/trailroyansvercors.fr\/index.php\/les-parcours\/","og_locale":"fr_FR","og_type":"article","og_title":"LES PARCOURS -","og_description":"LES PARCOURS Trois parcours pour d\u00e9couvrir toutes les facettes du Royans-Vercors.Chaque course a \u00e9t\u00e9 pens\u00e9e pour offrir du plaisir, du [&hellip;]","og_url":"https:\/\/trailroyansvercors.fr\/index.php\/les-parcours\/","article_publisher":"https:\/\/www.facebook.com\/profile.php?id=61582097587345","article_modified_time":"2026-04-16T05:44:12+00:00","og_image":[{"url":"http:\/\/trailroyansvercors.fr\/wp-content\/uploads\/2026\/04\/SORTIE-10-DU-TRAM-10-km-COMPLET.png","type":"","width":"","height":""}],"twitter_card":"summary_large_image","twitter_misc":{"Dur\u00e9e de lecture estim\u00e9e":"1 minute"},"schema":{"@context":"https:\/\/schema.org","@graph":[{"@type":"WebPage","@id":"https:\/\/trailroyansvercors.fr\/index.php\/les-parcours\/","url":"https:\/\/trailroyansvercors.fr\/index.php\/les-parcours\/","name":"LES PARCOURS -","isPartOf":{"@id":"https:\/\/trailroyansvercors.fr\/#website"},"primaryImageOfPage":{"@id":"https:\/\/trailroyansvercors.fr\/index.php\/les-parcours\/#primaryimage"},"image":{"@id":"https:\/\/trailroyansvercors.fr\/index.php\/les-parcours\/#primaryimage"},"thumbnailUrl":"http:\/\/trailroyansvercors.fr\/wp-content\/uploads\/2026\/04\/SORTIE-10-DU-TRAM-10-km-COMPLET.png","datePublished":"2025-10-25T20:17:20+00:00","dateModified":"2026-04-16T05:44:12+00:00","breadcrumb":{"@id":"https:\/\/trailroyansvercors.fr\/index.php\/les-parcours\/#breadcrumb"},"inLanguage":"fr-FR","potentialAction":[{"@type":"ReadAction","target":["https:\/\/trailroyansvercors.fr\/index.php\/les-parcours\/"]}]},{"@type":"ImageObject","inLanguage":"fr-FR","@id":"https:\/\/trailroyansvercors.fr\/index.php\/les-parcours\/#primaryimage","url":"https:\/\/trailroyansvercors.fr\/wp-content\/uploads\/2026\/04\/SORTIE-10-DU-TRAM-10-km-COMPLET.png","contentUrl":"https:\/\/trailroyansvercors.fr\/wp-content\/uploads\/2026\/04\/SORTIE-10-DU-TRAM-10-km-COMPLET.png","width":1024,"height":1024},{"@type":"BreadcrumbList","@id":"https:\/\/trailroyansvercors.fr\/index.php\/les-parcours\/#breadcrumb","itemListElement":[{"@type":"ListItem","position":1,"name":"Accueil","item":"https:\/\/trailroyansvercors.fr\/"},{"@type":"ListItem","position":2,"name":"LES PARCOURS"}]},{"@type":"WebSite","@id":"https:\/\/trailroyansvercors.fr\/#website","url":"https:\/\/trailroyansvercors.fr\/","name":"Trail du Royans Vercors","description":"","publisher":{"@id":"https:\/\/trailroyansvercors.fr\/#organization"},"potentialAction":[{"@type":"SearchAction","target":{"@type":"EntryPoint","urlTemplate":"https:\/\/trailroyansvercors.fr\/?s={search_term_string}"},"query-input":{"@type":"PropertyValueSpecification","valueRequired":true,"valueName":"search_term_string"}}],"inLanguage":"fr-FR"},{"@type":"Organization","@id":"https:\/\/trailroyansvercors.fr\/#organization","name":"Royans Vercors Sport Organisation","url":"https:\/\/trailroyansvercors.fr\/","logo":{"@type":"ImageObject","inLanguage":"fr-FR","@id":"https:\/\/trailroyansvercors.fr\/#\/schema\/logo\/image\/","url":"https:\/\/trailroyansvercors.fr\/wp-content\/uploads\/2025\/12\/cropped-RVT_logo_sans_couleur_et_sans_fond-removebg-preview.png","contentUrl":"https:\/\/trailroyansvercors.fr\/wp-content\/uploads\/2025\/12\/cropped-RVT_logo_sans_couleur_et_sans_fond-removebg-preview.png","width":500,"height":406,"caption":"Royans Vercors Sport Organisation"},"image":{"@id":"https:\/\/trailroyansvercors.fr\/#\/schema\/logo\/image\/"},"sameAs":["https:\/\/www.facebook.com\/profile.php?id=61582097587345","https:\/\/www.instagram.com\/trailroyansvercors\/"]}]}},"_links":{"self":[{"href":"https:\/\/trailroyansvercors.fr\/index.php\/wp-json\/wp\/v2\/pages\/14","targetHints":{"allow":["GET"]}}],"collection":[{"href":"https:\/\/trailroyansvercors.fr\/index.php\/wp-json\/wp\/v2\/pages"}],"about":[{"href":"https:\/\/trailroyansvercors.fr\/index.php\/wp-json\/wp\/v2\/types\/page"}],"author":[{"embeddable":true,"href":"https:\/\/trailroyansvercors.fr\/index.php\/wp-json\/wp\/v2\/users\/1"}],"replies":[{"embeddable":true,"href":"https:\/\/trailroyansvercors.fr\/index.php\/wp-json\/wp\/v2\/comments?post=14"}],"version-history":[{"count":439,"href":"https:\/\/trailroyansvercors.fr\/index.php\/wp-json\/wp\/v2\/pages\/14\/revisions"}],"predecessor-version":[{"id":4293,"href":"https:\/\/trailroyansvercors.fr\/index.php\/wp-json\/wp\/v2\/pages\/14\/revisions\/4293"}],"wp:attachment":[{"href":"https:\/\/trailroyansvercors.fr\/index.php\/wp-json\/wp\/v2\/media?parent=14"}],"curies":[{"name":"wp","href":"https:\/\/api.w.org\/{rel}","templated":true}]}}